{"id":517,"date":"2023-09-13T16:28:28","date_gmt":"2023-09-13T16:28:28","guid":{"rendered":"https:\/\/trueperformance.es\/?page_id=517"},"modified":"2023-09-13T16:31:22","modified_gmt":"2023-09-13T16:31:22","slug":"declaracion-de-accesibilidad","status":"publish","type":"page","link":"https:\/\/trueperformance.es\/en\/declaracion-de-accesibilidad\/","title":{"rendered":"Declaraci\u00f3n de accesibilidad"},"content":{"rendered":"<div id=\"fws_69d7852d7be2e\"  data-column-margin=\"default\" data-midnight=\"dark\"  class=\"wpb_row vc_row-fluid vc_row\"  style=\"padding-top: 0px; padding-bottom: 0px; \"><div class=\"row-bg-wrap\" data-bg-animation=\"none\" data-bg-animation-delay=\"\" data-bg-overlay=\"false\"><div class=\"inner-wrap row-bg-layer\" ><div class=\"row-bg viewport-desktop\"  style=\"\"><\/div><\/div><\/div><div class=\"row_col_wrap_12 col span_12 dark left\">\n\t<div  class=\"vc_col-sm-12 wpb_column column_container vc_column_container col no-extra-padding inherit_tablet inherit_phone\"  data-padding-pos=\"all\" data-has-bg-color=\"false\" data-bg-color=\"\" data-bg-opacity=\"1\" data-animation=\"\" data-delay=\"0\" >\n\t\t<div class=\"vc_column-inner\" >\n\t\t\t<div class=\"wpb_wrapper\">\n\t\t\t\t\n<div class=\"wpb_text_column wpb_content_element\" >\n\t<div class=\"wpb_wrapper\">\n\t\t<div class=\"container main-content\" role=\"main\">\n<div class=\"row\">\n<div id=\"fws_6489a1e98d9f4\" class=\"wpb_row vc_row-fluid vc_row top-level\" data-column-margin=\"default\" data-midnight=\"dark\">\n<div class=\"row_col_wrap_12 col span_12 dark left\">\n<div class=\"vc_col-sm-12 wpb_column column_container vc_column_container col no-extra-padding inherit_tablet inherit_phone\" data-padding-pos=\"all\" data-has-bg-color=\"false\" data-bg-color=\"\" data-bg-opacity=\"1\" data-animation=\"\" data-delay=\"0\">\n<div class=\"vc_column-inner\">\n<div class=\"wpb_wrapper\">\n<div class=\"wpb_text_column wpb_content_element\">\n<div class=\"wpb_wrapper\">\n<div id=\"fws_6501e28d43aae\" class=\"wpb_row vc_row-fluid vc_row top-level full-width-section parallax_section right_padding_8pct left_padding_8pct first-section loaded nectar-parallax-enabled animated-in\" data-column-margin=\"default\" data-midnight=\"dark\" data-top-percent=\"8%\" data-bottom-percent=\"4%\">\n<div class=\"row_col_wrap_12 col span_12 dark left\">\n<div class=\"vc_col-sm-12 wpb_column column_container vc_column_container col no-extra-padding inherit_tablet inherit_phone\" data-padding-pos=\"all\" data-has-bg-color=\"false\" data-bg-color=\"\" data-bg-opacity=\"1\" data-animation=\"\" data-delay=\"0\">\n<div class=\"vc_column-inner\">\n<div class=\"wpb_wrapper\">\n<div id=\"fws_6501e28d447f6\" class=\"wpb_row vc_row-fluid vc_row inner_row\" data-midnight=\"\" data-column-margin=\"default\">\n<div class=\"row_col_wrap_12_inner col span_12 left\">\n<div class=\"vc_col-sm-6 wpb_column column_container vc_column_container col child_column centered-text no-extra-padding inherit_tablet inherit_phone\" data-padding-pos=\"all\" data-has-bg-color=\"false\" data-bg-color=\"\" data-bg-opacity=\"1\" data-animation=\"\" data-delay=\"0\">\n<div class=\"vc_column-inner\">\n<div class=\"wpb_wrapper\">\n<div class=\"nectar-highlighted-text font_size_4vw font_size_tablet_6vw font_size_phone_10vw font_line_height_1-1 ease_out\" data-style=\"scribble\" data-exp=\"default\" data-user-color=\"true\" data-using-custom-color=\"false\" data-animation-delay=\"1000\" data-color=\"\" data-color-gradient=\"\">\n<h1>Declaraci\u00f3n de accesibilidad<\/h1>\n<\/div>\n<\/div>\n<\/div>\n<\/div>\n<\/div>\n<\/div>\n<\/div>\n<\/div>\n<\/div>\n<\/div>\n<\/div>\n<\/div>\n<\/div>\n<\/div>\n<\/div>\n<\/div>\n<\/div>\n<\/div>\n<\/div>\n<\/div>\n\t<\/div>\n<\/div>\n\n\n\n\n\t\t\t<\/div> \n\t\t<\/div>\n\t<\/div> \n<\/div><\/div>\n\t\t<div id=\"fws_69d7852d7ccc9\"  data-column-margin=\"default\" data-midnight=\"dark\"  class=\"wpb_row vc_row-fluid vc_row\"  style=\"padding-top: 0px; padding-bottom: 0px; \"><div class=\"row-bg-wrap\" data-bg-animation=\"none\" data-bg-animation-delay=\"\" data-bg-overlay=\"false\"><div class=\"inner-wrap row-bg-layer\" ><div class=\"row-bg viewport-desktop\"  style=\"\"><\/div><\/div><\/div><div class=\"row_col_wrap_12 col span_12 dark left\">\n\t<div  class=\"vc_col-sm-12 wpb_column column_container vc_column_container col no-extra-padding inherit_tablet inherit_phone\"  data-padding-pos=\"all\" data-has-bg-color=\"false\" data-bg-color=\"\" data-bg-opacity=\"1\" data-animation=\"\" data-delay=\"0\" >\n\t\t<div class=\"vc_column-inner\" >\n\t\t\t<div class=\"wpb_wrapper\">\n\t\t\t\t\n<div class=\"wpb_text_column wpb_content_element\" >\n\t<div class=\"wpb_wrapper\">\n\t\t<div class=\"container main-content\" role=\"main\">\n<div class=\"row\">\n<div id=\"fws_6489a1e98d9f4\" class=\"wpb_row vc_row-fluid vc_row top-level\" data-column-margin=\"default\" data-midnight=\"dark\">\n<div class=\"row_col_wrap_12 col span_12 dark left\">\n<div class=\"vc_col-sm-12 wpb_column column_container vc_column_container col no-extra-padding inherit_tablet inherit_phone\" data-padding-pos=\"all\" data-has-bg-color=\"false\" data-bg-color=\"\" data-bg-opacity=\"1\" data-animation=\"\" data-delay=\"0\">\n<div class=\"vc_column-inner\">\n<div class=\"wpb_wrapper\">\n<div class=\"wpb_text_column wpb_content_element\">\n<div class=\"wpb_wrapper\">\n<div id=\"fws_6501e28d43aae\" class=\"wpb_row vc_row-fluid vc_row top-level full-width-section parallax_section right_padding_8pct left_padding_8pct first-section loaded nectar-parallax-enabled animated-in\" data-column-margin=\"default\" data-midnight=\"dark\" data-top-percent=\"8%\" data-bottom-percent=\"4%\">\n<div class=\"row_col_wrap_12 col span_12 dark left\">\n<div class=\"vc_col-sm-12 wpb_column column_container vc_column_container col no-extra-padding inherit_tablet inherit_phone\" data-padding-pos=\"all\" data-has-bg-color=\"false\" data-bg-color=\"\" data-bg-opacity=\"1\" data-animation=\"\" data-delay=\"0\">\n<div class=\"vc_column-inner\">\n<div class=\"wpb_wrapper\">\n<div id=\"fws_6501e28d447f6\" class=\"wpb_row vc_row-fluid vc_row inner_row\" data-midnight=\"\" data-column-margin=\"default\">\n<div class=\"row_col_wrap_12_inner col span_12 left\">\n<div class=\"vc_col-sm-6 wpb_column column_container vc_column_container col child_column centered-text no-extra-padding inherit_tablet inherit_phone\" data-padding-pos=\"all\" data-has-bg-color=\"false\" data-bg-color=\"\" data-bg-opacity=\"1\" data-animation=\"\" data-delay=\"0\">\n<div class=\"vc_column-inner\">\n<div class=\"wpb_wrapper\">TRUE PERFORMANCE se ha comprometido a hacer accesibles sus sitios web de conformidad con el Real Decreto 1112\/2018, de 7 de septiembre, sobre accesibilidad de los sitios web y aplicaciones para dispositivos m\u00f3viles del sector p\u00fablico (en adelante, Real Decreto 1112\/2018, de 7 de septiembre).<\/div>\n<\/div>\n<\/div>\n<\/div>\n<\/div>\n<\/div>\n<\/div>\n<\/div>\n<\/div>\n<\/div>\n<div id=\"fws_6501e28d45633\" class=\"wpb_row vc_row-fluid vc_row full-width-section\" data-column-margin=\"default\" data-midnight=\"dark\" data-bottom-percent=\"3%\">\n<div class=\"row_col_wrap_12 col span_12 dark left\">\n<div class=\"vc_col-sm-8 wpb_column column_container vc_column_container col no-extra-padding inherit_tablet inherit_phone\" data-padding-pos=\"all\" data-has-bg-color=\"false\" data-bg-color=\"\" data-bg-opacity=\"1\" data-animation=\"\" data-delay=\"0\">\n<div class=\"vc_column-inner\">\n<div class=\"wpb_wrapper\">\n<div class=\"wpb_text_column wpb_content_element\">\n<div class=\"wpb_wrapper\">\n<p>La presente declaraci\u00f3n de accesibilidad se aplica al sitio web\u00a0https:\/\/trueperformance.es\u00a0(los subdominios de este sitio web tendr\u00e1n sus propias declaraciones de accesibilidad).<\/p>\n<p><strong>Situaci\u00f3n de cumplimiento<\/strong><\/p>\n<p>Este sitio web es\u00a0<strong>plenamente conforme<\/strong>\u00a0con el Real Decreto 1112\/2018, de 7 de septiembre, debido a la obtenci\u00f3n de una puntuaci\u00f3n media del sitio web de 10,00.<\/p>\n<p><strong>Preparaci\u00f3n de la presente declaraci\u00f3n de accesibilidad<\/strong><\/p>\n<p>La presente declaraci\u00f3n fue preparada el 12 de septiembre de 2023.<\/p>\n<p>El m\u00e9todo empleado para preparar la declaraci\u00f3n ha sido una autoevaluaci\u00f3n llevada a cabo por el propio organismo.<\/p>\n<p>\u00daltima revisi\u00f3n de la declaraci\u00f3n: 12 de septiembre de 2023.<\/p>\n<p><strong>Observaciones y datos de contacto<\/strong><\/p>\n<p>Puede realizar comunicaciones sobre requisitos de accesibilidad (art\u00edculo 10.2.a) del Real Decreto 1112\/2018, de 7 de septiembre) como, por ejemplo:<\/p>\n<ul>\n<li>Informar sobre cualquier posible incumplimiento por parte de este sitio web.<\/li>\n<li>Transmitir otras dificultades de acceso al contenido.<\/li>\n<li>Formular cualquier otra consulta o sugerencia de mejora relativa a la accesibilidad del sitio web.<\/li>\n<\/ul>\n<p>A trav\u00e9s de las siguientes v\u00edas:<\/p>\n<ul>\n<li>Correo electr\u00f3nico: <a href=\"mailto:jota@trueperformance.es\">jota@trueperformance.es<\/a><\/li>\n<li>Tel\u00e9fono:\u00a0<a href=\"tel:689568240\">689 56 82 40<\/a><\/li>\n<\/ul>\n<p>Tambi\u00e9n puede solicitar en formato accesible informaci\u00f3n que no cumpla con los requisitos de accesibilidad bien por estar excluida, bien por estar exenta por carga desproporcionada; o formular una queja por incumplimiento de los requisitos de accesibilidad. Enlace al\u00a0<a title=\"abre SEDE electr\u00f3nica : Abre nueva ventana\" href=\"https:\/\/sedeminhap.gob.es\/es-ES\/Organos\/SecretariaGeneralTecnica\/Procedimientos\/Paginas\/Default.aspx?IdProcedimiento=1770&amp;p=3\" target=\"_blank\" rel=\"noopener\">procedimiento de solicitud de informaci\u00f3n accesible y quejas<\/a>\u00a0del art\u00edculo 12 del Real Decreto 1112\/2018, de 7 de septiembre.<\/p>\n<p>Las comunicaciones, solicitudes de informaci\u00f3n accesible y quejas debe dirigirlas a la Subdirecci\u00f3n General de Servicios Web, Transparencia y Protecci\u00f3n de Datos (Secretar\u00eda General T\u00e9cnica), como unidad responsable de los contenidos de este sitio web.<\/p>\n<p><strong>Procedimiento de aplicaci\u00f3n<\/strong><\/p>\n<p>A trav\u00e9s de este procedimiento podr\u00e1 iniciar una reclamaci\u00f3n para conocer y oponerse a los motivos de la desestimaci\u00f3n de una solicitud de informaci\u00f3n accesible o queja, instar la adopci\u00f3n de las medidas oportunas en el caso de no estar de acuerdo con la decisi\u00f3n adoptada, o exponer las razones por las que se considera que la respuesta no cumple con los requisitos exigidos.<\/p>\n<p>Enlace al\u00a0<a title=\"abre sede lectr\u00f3nica : Abre nueva ventana\" href=\"https:\/\/sedeminhap.gob.es\/es-ES\/Organos\/SecretariaGeneralTecnica\/Procedimientos\/Paginas\/Default.aspx?IdProcedimiento=1771&amp;p=2\" target=\"_blank\" rel=\"noopener\">procedimiento de reclamaci\u00f3n\u00a0<\/a>, que debe dirigir a la Subdirecci\u00f3n General de Servicios Web, Transparencia y Protecci\u00f3n de Datos, como Unidad responsable de accesibilidad de este Ministerio, o si la reclamaci\u00f3n es por una actuaci\u00f3n de dicha Unidad, al superior jer\u00e1rquico de \u00e9sta.<\/p>\n<p><strong>Contenido opcional<\/strong><\/p>\n<p>La versi\u00f3n actualmente visible de este sitio web es de mayo de 2023 y en esa fecha se hizo la revisi\u00f3n del nivel de accesibilidad vigente en aquel momento.<\/p>\n<p>A partir de dicha fecha se llevan a cabo revisiones parciales diarias del contenido web nuevo o modificado, tanto de las plantillas como de las p\u00e1ginas y documentos finales publicados, a fin de asegurar el cumplimiento de los requerimientos de accesibilidad de la Norma UNE-EN 301549:2022, considerando las excepciones del Real Decreto 1112\/2018, de 7 de septiembre.<\/p>\n<p>Entre otras se adoptan las siguientes medidas para facilitar la accesibilidad:<\/p>\n<ul>\n<li>Utilizaci\u00f3n de texto alternativo en las im\u00e1genes<\/li>\n<li>Los enlaces ofrecen detalles de la funci\u00f3n o destino del hiperv\u00ednculo<\/li>\n<li>Uso de los est\u00e1ndares del W3C: XHTML 1.0, CSS 3.0, WAI AA.<\/li>\n<\/ul>\n<\/div>\n<\/div>\n<\/div>\n<\/div>\n<\/div>\n<\/div>\n<\/div>\n<\/div>\n<\/div>\n<\/div>\n<\/div>\n<\/div>\n<\/div>\n<\/div>\n<\/div>\n<\/div>\n\t<\/div>\n<\/div>\n\n\n\n\n\t\t\t<\/div> \n\t\t<\/div>\n\t<\/div> \n<\/div><\/div>","protected":false},"excerpt":{"rendered":"Declaraci\u00f3n de accesibilidad TRUE PERFORMANCE se ha comprometido a hacer accesibles sus sitios web de conformidad con el Real Decreto 1112\/2018, de 7 de septiembre, sobre accesibilidad de los sitios...","protected":false},"author":1,"featured_media":0,"parent":0,"menu_order":0,"comment_status":"closed","ping_status":"open","template":"","meta":{"footnotes":""},"class_list":["post-517","page","type-page","status-publish"],"_links":{"self":[{"href":"https:\/\/trueperformance.es\/en\/wp-json\/wp\/v2\/pages\/517","targetHints":{"allow":["GET"]}}],"collection":[{"href":"https:\/\/trueperformance.es\/en\/wp-json\/wp\/v2\/pages"}],"about":[{"href":"https:\/\/trueperformance.es\/en\/wp-json\/wp\/v2\/types\/page"}],"author":[{"embeddable":true,"href":"https:\/\/trueperformance.es\/en\/wp-json\/wp\/v2\/users\/1"}],"replies":[{"embeddable":true,"href":"https:\/\/trueperformance.es\/en\/wp-json\/wp\/v2\/comments?post=517"}],"version-history":[{"count":5,"href":"https:\/\/trueperformance.es\/en\/wp-json\/wp\/v2\/pages\/517\/revisions"}],"predecessor-version":[{"id":522,"href":"https:\/\/trueperformance.es\/en\/wp-json\/wp\/v2\/pages\/517\/revisions\/522"}],"wp:attachment":[{"href":"https:\/\/trueperformance.es\/en\/wp-json\/wp\/v2\/media?parent=517"}],"curies":[{"name":"wp","href":"https:\/\/api.w.org\/{rel}","templated":true}]}}