{"id":500,"date":"2023-06-14T11:52:45","date_gmt":"2023-06-14T11:52:45","guid":{"rendered":"https:\/\/trueperformance.es\/?page_id=500"},"modified":"2023-06-14T11:53:54","modified_gmt":"2023-06-14T11:53:54","slug":"politica-de-cookies","status":"publish","type":"page","link":"https:\/\/trueperformance.es\/en\/politica-de-cookies\/","title":{"rendered":"Pol\u00edtica de Cookies"},"content":{"rendered":"<div id=\"fws_69d78530a3a0a\"  data-column-margin=\"default\" data-midnight=\"dark\"  class=\"wpb_row vc_row-fluid vc_row\"  style=\"padding-top: 0px; padding-bottom: 0px; \"><div class=\"row-bg-wrap\" data-bg-animation=\"none\" data-bg-animation-delay=\"\" data-bg-overlay=\"false\"><div class=\"inner-wrap row-bg-layer\" ><div class=\"row-bg viewport-desktop\"  style=\"\"><\/div><\/div><\/div><div class=\"row_col_wrap_12 col span_12 dark left\">\n\t<div  class=\"vc_col-sm-12 wpb_column column_container vc_column_container col no-extra-padding inherit_tablet inherit_phone\"  data-padding-pos=\"all\" data-has-bg-color=\"false\" data-bg-color=\"\" data-bg-opacity=\"1\" data-animation=\"\" data-delay=\"0\" >\n\t\t<div class=\"vc_column-inner\" >\n\t\t\t<div class=\"wpb_wrapper\">\n\t\t\t\t\n<div class=\"wpb_text_column wpb_content_element\" >\n\t<div class=\"wpb_wrapper\">\n\t\t<div class=\"container main-content\" role=\"main\">\n<div class=\"row\">\n<div id=\"fws_6489a1e98d9f4\" class=\"wpb_row vc_row-fluid vc_row top-level\" data-column-margin=\"default\" data-midnight=\"dark\">\n<div class=\"row_col_wrap_12 col span_12 dark left\">\n<div class=\"vc_col-sm-12 wpb_column column_container vc_column_container col no-extra-padding inherit_tablet inherit_phone\" data-padding-pos=\"all\" data-has-bg-color=\"false\" data-bg-color=\"\" data-bg-opacity=\"1\" data-animation=\"\" data-delay=\"0\">\n<div class=\"vc_column-inner\">\n<div class=\"wpb_wrapper\">\n<div class=\"wpb_text_column wpb_content_element\">\n<div class=\"wpb_wrapper\">\n<h2>Pol\u00edtica de Cookies<\/h2>\n<p>En esta web recopilo y utilizo la informaci\u00f3n seg\u00fan indico en mi pol\u00edtica de privacidad. Una de las formas en las que recopil\u00f3 informaci\u00f3n es a trav\u00e9s del uso de la tecnolog\u00eda llamada \u201ccookies\u201d. En Growth Learning, se utilizan cookies para varias cosas.<\/p>\n<h3>\u00bfQu\u00e9 es una cookie?<\/h3>\n<p>Una \u201ccookie\u201d es una peque\u00f1a cantidad de texto que se almacena en tu navegador (como Chrome de Google o Safari de Apple) cuando navegas por la mayor\u00eda de los sitios web.<\/p>\n<h3>\u00bfQu\u00e9 NO es una cookie?<\/h3>\n<p>No es un virus, ni un troyano, ni un gusano, ni spam, ni spyware, ni abre ventanas pop-up.<\/p>\n<h3>\u00bfQu\u00e9 informaci\u00f3n almacena una cookie?<\/h3>\n<p>Las cookies no suelen almacenar informaci\u00f3n sensible sobre usted, como tarjetas de cr\u00e9dito o datos bancarios, fotograf\u00edas o informaci\u00f3n personal, etc. Los datos que guardan son de car\u00e1cter t\u00e9cnico, estad\u00edsticos, preferencias personales, personalizaci\u00f3n de contenidos, etc.<\/p>\n<p>El servidor web no le asocia a usted como persona sino a su navegador web. De hecho, si usted navega habitualmente con el navegador Chrome y prueba a navegar por la misma web con el navegador Firefox, ver\u00e1 que la web no se da cuenta que es usted la misma persona porque en realidad est\u00e1 asociando la informaci\u00f3n al navegador, no a la persona.<\/p>\n<h3>\u00bfQu\u00e9 tipo de cookies existen?<\/h3>\n<ul>\n<li><strong>Cookies t\u00e9cnicas:<\/strong>\u00a0Son las m\u00e1s elementales y permiten, entre otras cosas, saber cu\u00e1ndo est\u00e1 navegando un humano o una aplicaci\u00f3n automatizada, cu\u00e1ndo navega un usuario an\u00f3nimo y uno registrado, tareas b\u00e1sicas para el funcionamiento de cualquier web din\u00e1mica.<\/li>\n<li><strong>Cookies de an\u00e1lisis:<\/strong>\u00a0Recogen informaci\u00f3n sobre el tipo de navegaci\u00f3n que est\u00e1 realizando, las secciones que m\u00e1s utiliza, productos consultados, franja horaria de uso, idioma, etc.<\/li>\n<li><strong>Cookies publicitarias:<\/strong>\u00a0Muestran publicidad en funci\u00f3n de su navegaci\u00f3n, su pa\u00eds de procedencia, idioma, etc.<\/li>\n<\/ul>\n<h3>\u00bfQu\u00e9 son las cookies propias y las de terceros?<\/h3>\n<p>Las cookies propias son las generadas por la p\u00e1gina que est\u00e1 visitando y las de terceros son las generadas por servicios o proveedores externos como Mailchimp, Mailrelay, Facebook, Twitter, Google adsense, etc.<\/p>\n<h3>\u00bfQu\u00e9 cookies utiliza esta web?<\/h3>\n<p>Esta web utiliza cookies propias y de terceros. En este sitio web se utilizan las siguientes cookies que se detallan a continuaci\u00f3n:<\/p>\n<h3>Cookies propias:<\/h3>\n<p><strong>Inicio de sesi\u00f3n:<\/strong>\u00a0Las cookies para iniciar sesi\u00f3n te permiten entrar y salir de tu cuenta de Growth Learning.<\/p>\n<p><strong>Personalizaci\u00f3n:<\/strong>\u00a0Las cookies me ayudan a recordar con qu\u00e9 personas o sitios web has interactuado, para que pueda mostrarte contenido relacionado.<\/p>\n<p><strong>Preferencias:<\/strong>\u00a0Las cookies me permiten recordar tus ajustes y preferencias, como el idioma preferido y tu configuraci\u00f3n de privacidad.<\/p>\n<p><strong>Seguridad:<\/strong>\u00a0Utilizo cookies para evitarte riesgos de seguridad. Principalmente para detectar cu\u00e1ndo alguien est\u00e1 intentando piratear tu cuenta de Growth Learning.<\/p>\n<h3>Cookies de terceros<\/h3>\n<p>Esta web utiliza servicios de an\u00e1lisis, concretamente, Google Analytics para ayudar al website a analizar el uso que hacen los usuarios del sitio web y mejorar la usabilidad del mismo, pero en ning\u00fan caso se asocian a datos que pudieran llegar a identificar al usuario. Google Analytics, es un servicio anal\u00edtico de web prestado por Google, Inc., El usuario puede consultar\u00a0<a href=\"https:\/\/www.google.es\/intl\/es\/policies\/technologies\/types\/\" target=\"_blank\" rel=\"noopener\">aqu\u00ed<\/a>\u00a0el tipo de cookies utilizadas por Google.<\/p>\n<p>TRUE PERFORMANCE es usuario de la plataforma de suministro y alojamiento de blogs <strong>WordPress<\/strong>, propiedad de la empresa norteamericana Automattic, Inc. A tales efectos, los usos de tales cookies por los sistemas nunca est\u00e1n bajo control o gesti\u00f3n del responsable de la web, pueden cambiar su funci\u00f3n en cualquier momento, y entrar cookies nuevas. Estas cookies tampoco reportan al responsable de esta web beneficio alguno. Automattic, Inc., utiliza adem\u00e1s otras cookies con la finalidad de ayudar a identificar y rastrear a los visitantes de los sitios de\u00a0<strong>WordPress<\/strong>, conocer el uso que hacen del sitio web de Automattic, as\u00ed como sus preferencias de acceso al mismo, tal y como se recoge en el apartado \u201cCookies\u201d de su pol\u00edtica de privacidad.<\/p>\n<p>Las cookies de redes sociales pueden almacenarse en su navegador mientras navega por https:\/\/www.growthlearning.es por ejemplo, cuando utiliza el bot\u00f3n de compartir contenidos de https:\/\/www.growthlearning.es en alguna red social.<\/p>\n<p>A continuaci\u00f3n tienes informaci\u00f3n sobre las cookies de las redes sociales que utiliza esta web en sus propias pol\u00edticas de cookies:<\/p>\n<ul>\n<li>Cookies de Facebook, ver m\u00e1s informaci\u00f3n en su\u00a0<a href=\"https:\/\/www.facebook.com\/policies\/cookies\/\" target=\"_blank\" rel=\"noopener\">pol\u00edtica de cookies<\/a><\/li>\n<li>Cookies de Instagram, ver m\u00e1s informaci\u00f3n en su\u00a0<a href=\"https:\/\/www.facebook.com\/policies\/cookies\/\" target=\"_blank\" rel=\"noopener\">pol\u00edtica de cookies<\/a><\/li>\n<li>Cookies de Linkedin, ver m\u00e1s informaci\u00f3n en su\u00a0<a href=\"https:\/\/www.linkedin.com\/legal\/cookie-policy?trk=hp-cookies\" target=\"_blank\" rel=\"noopener\">pol\u00edtica de cookies<\/a><\/li>\n<li>Cookies de Youtube, ver m\u00e1s informaci\u00f3n en su\u00a0<a href=\"http:\/\/www.google.com\/intl\/es\/policies\/technologies\/types\/\" target=\"_blank\" rel=\"noopener\">pol\u00edtica de cookies<\/a><\/li>\n<li>Cookies de Twitter, ver m\u00e1s informaci\u00f3n en su\u00a0<a href=\"https:\/\/twitter.com\/privacy\" target=\"_blank\" rel=\"noopener\">pol\u00edtica de cookies<\/a><\/li>\n<li>Cookies de Google+, ver m\u00e1s informaci\u00f3n en su\u00a0<a href=\"http:\/\/www.google.com\/intl\/es\/policies\/technologies\/types\/\" target=\"_blank\" rel=\"noopener\">pol\u00edtica de cookies<\/a><\/li>\n<\/ul>\n<p>Llevo a cabo acciones de remarketing mediante\u00a0<strong>Facebook ads<\/strong>, que utiliza las cookies para ayudarme a ofrecer anuncios en l\u00ednea espec\u00edfico basado en visitas anteriores a mi sitio web.<\/p>\n<p>Tengo un programa de afiliaci\u00f3n propio mediante la aplicaci\u00f3n desarrollada sobre wordpress\u00a0<strong>WP Affiliate<\/strong>. Utilizamos cookies de navegador para hacer seguimiento de las ventas que tuvieron origen en otras web para la venta de afiliaci\u00f3n de nuestros productos.<\/p>\n<p>Estas cookies permiten que detecte el origen de las ventas de mi programa de afiliados.<\/p>\n<p>Se utilizan para el \u201clive chat\u201d (chat en vivo) para dar soporte y resolver dudas de forma directa a los clientes. Instala cookies para identificar al usuario y su dispositivo y conocer sus preferencias en cuanto al uso del m\u00f3dulo interno de Zopim, as\u00ed como para conocer la preferencia del usuario para desactivar el \u201clive chat\u201d, y cesar el uso de cookies.<\/p>\n<p>Se puede obtener m\u00e1s informaci\u00f3n de la pol\u00edtica de cookies de Zopim en el siguiente enlace:\u00a0<a href=\"https:\/\/www.zopim.com\/c\" target=\"_blank\" rel=\"noopener\">https:\/\/www.zopim.com\/c<\/a>.<\/p>\n<h3>\u00bfSe pueden eliminar las cookies?<\/h3>\n<p>S\u00ed, y no s\u00f3lo eliminar, tambi\u00e9n bloquear, de forma general o particular para un dominio espec\u00edfico.<\/p>\n<p>Para eliminar las cookies de un sitio web debe ir a la configuraci\u00f3n de su navegador y all\u00ed podr\u00e1 buscar las asociadas al dominio en cuesti\u00f3n y proceder a su eliminaci\u00f3n.<\/p>\n<ul>\n<li>Configuraci\u00f3n de cookies para\u00a0<a href=\"http:\/\/support.google.com\/chrome\/bin\/answer.py?hl=es&amp;answer=95647\" target=\"_blank\" rel=\"noopener\">Google Chrome<\/a><\/li>\n<li>Configuraci\u00f3n de cookies para\u00a0<a href=\"https:\/\/support.apple.com\/es-es\/HT201265\" target=\"_blank\" rel=\"noopener\">Apple Safari<\/a><\/li>\n<li>Configuraci\u00f3n de cookies para\u00a0<a href=\"https:\/\/support.microsoft.com\/en-us\/help\/17442\/windows-internet-explorer-delete-manage-cookies#ie=ie-10\" target=\"_blank\" rel=\"noopener\">Internet Explorer<\/a><\/li>\n<li>Configuraci\u00f3n de cookies para\u00a0<a href=\"https:\/\/support.mozilla.org\/es\/kb\/habilitar-y-deshabilitar-cookies-sitios-web-rastrear-preferencias?redirectlocale=es&amp;redirectslug=habilitar-y-deshabilitar-cookies-que-los-sitios-we\" target=\"_blank\" rel=\"noopener\">Mozilla Firefox<\/a><\/li>\n<\/ul>\n<h3>M\u00e1s informaci\u00f3n sobre las cookies<\/h3>\n<p>Puedes consultar el reglamento sobre cookies publicado por la Agencia Espa\u00f1ola de Protecci\u00f3n de Datos en su \u201cGu\u00eda sobre el uso de las cookies\u201d y obtener m\u00e1s informaci\u00f3n sobre las cookies en Internet,\u00a0<a href=\"http:\/\/www.aboutcookies.org\/\" target=\"_blank\" rel=\"noopener\">http:\/\/www.aboutcookies.org\/<\/a><\/p>\n<p>Si desea tener un mayor control sobre la instalaci\u00f3n de cookies, puede instalar programas o complementos a su navegador, conocidos como herramientas de \u201cDo Not Track\u201d, que le permitir\u00e1n escoger aquellas cookies que desea permitir.<\/p>\n<p>Esta pol\u00edtica de cookies ha sido actualizada por \u00faltima vez el 14-06-2023.<\/p>\n<\/div>\n<\/div>\n<\/div>\n<\/div>\n<\/div>\n<\/div>\n<\/div>\n<\/div>\n<\/div>\n\t<\/div>\n<\/div>\n\n\n\n\n\t\t\t<\/div> \n\t\t<\/div>\n\t<\/div> \n<\/div><\/div>","protected":false},"excerpt":{"rendered":"Pol\u00edtica de Cookies En esta web recopilo y utilizo la informaci\u00f3n seg\u00fan indico en mi pol\u00edtica de privacidad. Una de las formas en las que recopil\u00f3 informaci\u00f3n es a trav\u00e9s...","protected":false},"author":1,"featured_media":0,"parent":0,"menu_order":0,"comment_status":"closed","ping_status":"open","template":"","meta":{"footnotes":""},"class_list":["post-500","page","type-page","status-publish"],"_links":{"self":[{"href":"https:\/\/trueperformance.es\/en\/wp-json\/wp\/v2\/pages\/500","targetHints":{"allow":["GET"]}}],"collection":[{"href":"https:\/\/trueperformance.es\/en\/wp-json\/wp\/v2\/pages"}],"about":[{"href":"https:\/\/trueperformance.es\/en\/wp-json\/wp\/v2\/types\/page"}],"author":[{"embeddable":true,"href":"https:\/\/trueperformance.es\/en\/wp-json\/wp\/v2\/users\/1"}],"replies":[{"embeddable":true,"href":"https:\/\/trueperformance.es\/en\/wp-json\/wp\/v2\/comments?post=500"}],"version-history":[{"count":2,"href":"https:\/\/trueperformance.es\/en\/wp-json\/wp\/v2\/pages\/500\/revisions"}],"predecessor-version":[{"id":502,"href":"https:\/\/trueperformance.es\/en\/wp-json\/wp\/v2\/pages\/500\/revisions\/502"}],"wp:attachment":[{"href":"https:\/\/trueperformance.es\/en\/wp-json\/wp\/v2\/media?parent=500"}],"curies":[{"name":"wp","href":"https:\/\/api.w.org\/{rel}","templated":true}]}}