{"id":428,"date":"2023-06-08T09:58:11","date_gmt":"2023-06-08T09:58:11","guid":{"rendered":"https:\/\/trueperformance.es\/?page_id=428"},"modified":"2023-06-14T10:54:54","modified_gmt":"2023-06-14T10:54:54","slug":"analitica-datos","status":"publish","type":"page","link":"https:\/\/trueperformance.es\/en\/analitica-datos\/","title":{"rendered":"Anal\u00edtica &#038; Datos"},"content":{"rendered":"<div id=\"fws_69d787b7d4d61\"  data-column-margin=\"default\" data-midnight=\"dark\" data-top-percent=\"12%\" data-bottom-percent=\"4%\"  class=\"wpb_row vc_row-fluid vc_row full-width-content vc_row-o-equal-height vc_row-flex vc_row-o-content-middle  zindex-set right_padding_6pct left_padding_6pct top_padding_tablet_20pct top_padding_phone_25pct\"  style=\"padding-top: calc(100vw * 0.12); padding-bottom: calc(100vw * 0.04);  z-index: 100;\"><div class=\"row-bg-wrap\" data-bg-animation=\"fade-in\" data-bg-animation-delay=\"\" data-bg-overlay=\"false\"><div class=\"inner-wrap row-bg-layer\" ><div class=\"row-bg viewport-desktop\"  style=\"\"><\/div><\/div><\/div><div class=\"row_col_wrap_12 col span_12 dark left\">\n\t<div  class=\"vc_col-sm-12 wpb_column column_container vc_column_container col no-extra-padding inherit_tablet inherit_phone\"  data-padding-pos=\"all\" data-has-bg-color=\"false\" data-bg-color=\"\" data-bg-opacity=\"1\" data-animation=\"\" data-delay=\"0\" >\n\t\t<div class=\"vc_column-inner\" >\n\t\t\t<div class=\"wpb_wrapper\">\n\t\t\t\t\n<div class=\"wpb_text_column wpb_content_element  size1\" >\n\t<div class=\"wpb_wrapper\">\n\t\t<p>AN\u00c1LISIS Y ESTUDIO DE DATOS PARA UN PERFORMANCE REAL Y EFECTIVO<\/p>\n\t<\/div>\n<\/div>\n\n\n\n\n\t\t\t<\/div> \n\t\t<\/div>\n\t<\/div> \n<\/div><\/div>\n\t\t<div id=\"fws_69d787b7d5b98\"  data-br=\"15px\" data-br-applies=\"inner\" data-column-margin=\"default\" data-midnight=\"dark\"  class=\"wpb_row vc_row-fluid vc_row full-width-content vc_row-o-equal-height vc_row-flex vc_row-o-content-top  right_padding_5pct left_padding_5pct\"  style=\"padding-top: 0px; padding-bottom: 0px; \"><div class=\"row-bg-wrap\" data-bg-animation=\"none\" data-bg-animation-delay=\"\" data-bg-overlay=\"false\"><div class=\"inner-wrap row-bg-layer\" ><div class=\"row-bg viewport-desktop\"  style=\"\"><\/div><\/div><\/div><div class=\"row_col_wrap_12 col span_12 dark left\">\n\t<div style=\"\" class=\"vc_col-sm-6 wpb_column column_container vc_column_container col no-extra-padding inherit_tablet inherit_phone\" data-using-bg=\"true\" data-bg-cover=\"true\" data-padding-pos=\"all\" data-has-bg-color=\"false\" data-bg-color=\"\" data-bg-opacity=\"1\" data-animation=\"\" data-delay=\"0\" >\n\t\t<div class=\"vc_column-inner\" ><div class=\"column-image-bg-wrap column-bg-layer viewport-desktop\" data-n-parallax-bg=\"true\" data-parallax-speed=\"very_subtle\" data-bg-pos=\"center bottom\" data-bg-animation=\"none\" data-bg-overlay=\"false\"><div class=\"inner-wrap\"><div class=\"column-image-bg parallax-layer\" style=\" background-image: url('https:\/\/trueperformance.es\/wp-content\/uploads\/2023\/05\/true-marketing-2.jpg'); \"><\/div><\/div><\/div>\n\t\t\t<div class=\"wpb_wrapper\">\n\t\t\t\t<div class=\"divider-wrap height_tablet_70vh height_phone_50vh\" data-alignment=\"default\"><div style=\"height: 100vh;\" class=\"divider\"><\/div><\/div>\n\t\t\t<\/div> \n\t\t<\/div>\n\t<\/div> \n\n\t<div  class=\"vc_col-sm-6 wpb_column column_container vc_column_container col padding-7-percent inherit_tablet inherit_phone\"  data-padding-pos=\"all\" data-has-bg-color=\"false\" data-bg-color=\"\" data-bg-opacity=\"1\" data-animation=\"\" data-delay=\"0\" >\n\t\t<div class=\"vc_column-inner\" >\n\t\t\t<div class=\"wpb_wrapper\">\n\t\t\t\t<div class=\"nectar-scrolling-text font_size_3vh\" data-style=\"text_outline\" data-s-dir=\"ltr\" data-spacing=\"false\" data-outline-thickness=\"thin\" data-s-speed=\"medium\" data-overflow=\"hidden\" ><div class=\"nectar-scrolling-text-inner\" style=\"color: #000000;\"><div class=\"nectar-scrolling-text-inner__text-chunk\">\n<h4>Experiencia\u00a0 \u00a0 \u00a0^\u00a0 \u00a0 Investigaci\u00f3n\u00a0 \u00a0 \u00a0^\u00a0 \u00a0Insights\u00a0 \u00a0 \u00a0^\u00a0 \u00a0 \u00a0Resultados\u00a0 \u00a0 ^<span>&nbsp;<\/span><\/h4>\n<\/div><div class=\"nectar-scrolling-text-inner__text-chunk\">\n<h4>Experiencia\u00a0 \u00a0 \u00a0^\u00a0 \u00a0 Investigaci\u00f3n\u00a0 \u00a0 \u00a0^\u00a0 \u00a0Insights\u00a0 \u00a0 \u00a0^\u00a0 \u00a0 \u00a0Resultados\u00a0 \u00a0 ^<span>&nbsp;<\/span><\/h4>\n<\/div><div class=\"nectar-scrolling-text-inner__text-chunk\">\n<h4>Experiencia\u00a0 \u00a0 \u00a0^\u00a0 \u00a0 Investigaci\u00f3n\u00a0 \u00a0 \u00a0^\u00a0 \u00a0Insights\u00a0 \u00a0 \u00a0^\u00a0 \u00a0 \u00a0Resultados\u00a0 \u00a0 ^<span>&nbsp;<\/span><\/h4>\n<\/div><div class=\"nectar-scrolling-text-inner__text-chunk\">\n<h4>Experiencia\u00a0 \u00a0 \u00a0^\u00a0 \u00a0 Investigaci\u00f3n\u00a0 \u00a0 \u00a0^\u00a0 \u00a0Insights\u00a0 \u00a0 \u00a0^\u00a0 \u00a0 \u00a0Resultados\u00a0 \u00a0 ^<span>&nbsp;<\/span><\/h4>\n<\/div><div class=\"nectar-scrolling-text-inner__text-chunk\">\n<h4>Experiencia\u00a0 \u00a0 \u00a0^\u00a0 \u00a0 Investigaci\u00f3n\u00a0 \u00a0 \u00a0^\u00a0 \u00a0Insights\u00a0 \u00a0 \u00a0^\u00a0 \u00a0 \u00a0Resultados\u00a0 \u00a0 ^<span>&nbsp;<\/span><\/h4>\n<\/div><\/div><\/div>\n<div class=\"wpb_text_column wpb_content_element  size2\" >\n\t<div class=\"wpb_wrapper\">\n\t\t<p>Definir una estrategia de medios digitales en base a los objetivos de marketing y ventas servir\u00e1 como hoja de ruta para la optimizaci\u00f3n y la alineaci\u00f3n con los objetivos empresariales.<\/p>\n<p>A trav\u00e9s de la investigaci\u00f3n y la experiencia definimos el coste de los impactos publicitarios , alcance, as\u00ed como la inversi\u00f3n necesaria por canal (Google, Facebook, Linkedin, Nativa, program\u00e1tica&#8230;etc) para alcanzar los objetivos de negocio.<\/p>\n\t<\/div>\n<\/div>\n\n\n\n\n\t\t\t<\/div> \n\t\t<\/div>\n\t<\/div> \n<\/div><\/div>\n\t\t<div id=\"fws_69d787b7d743a\"  data-column-margin=\"50px\" data-midnight=\"dark\" data-top-percent=\"10%\" data-bottom-percent=\"1%\"  class=\"wpb_row vc_row-fluid vc_row full-width-content vc_row-o-equal-height vc_row-flex vc_row-o-content-middle  right_padding_6vw left_padding_6vw top_padding_tablet_20pct bottom_padding_tablet_10pct\"  style=\"padding-top: calc(100vw * 0.10); padding-bottom: calc(100vw * 0.01); \"><div class=\"row-bg-wrap\" data-bg-animation=\"none\" data-bg-animation-delay=\"\" data-bg-overlay=\"false\"><div class=\"inner-wrap row-bg-layer\" ><div class=\"row-bg viewport-desktop\"  style=\"\"><\/div><\/div><\/div><div class=\"row_col_wrap_12 col span_12 dark left\">\n\t<div  class=\"vc_col-sm-4 wpb_column column_container vc_column_container col no-extra-padding inherit_tablet inherit_phone\"  data-padding-pos=\"all\" data-has-bg-color=\"false\" data-bg-color=\"\" data-bg-opacity=\"1\" data-animation=\"\" data-delay=\"0\" >\n\t\t<div class=\"vc_column-inner\" >\n\t\t\t<div class=\"wpb_wrapper\">\n\t\t\t\t\n\t\t\t<\/div> \n\t\t<\/div>\n\t<\/div> \n\n\t<div  class=\"vc_col-sm-4 wpb_column column_container vc_column_container col no-extra-padding inherit_tablet inherit_phone\"  data-padding-pos=\"all\" data-has-bg-color=\"false\" data-bg-color=\"\" data-bg-opacity=\"1\" data-animation=\"\" data-delay=\"0\" >\n\t\t<div class=\"vc_column-inner\" >\n\t\t\t<div class=\"wpb_wrapper\">\n\t\t\t\t\n<div class=\"wpb_text_column wpb_content_element  size2\" >\n\t<div class=\"wpb_wrapper\">\n\t\t<p><strong>Data First.<\/strong> Todas las acciones y estrategias est\u00e1n soportadas por datos que impactan en el negocio de nuestros clientes<\/p>\n\t<\/div>\n<\/div>\n\n\n\n<div class=\"nectar-cta  alignment_tablet_default alignment_phone_default display_tablet_inherit display_phone_inherit font_size_desktop_1-3vw font_size_tablet_16px\" data-color=\"accent-color\" data-using-bg=\"true\" data-style=\"basic\" data-display=\"block\" data-alignment=\"left\" data-text-color=\"std\" style=\"margin-top: 10px; \"><h4><span class=\"link_wrap\" ><a  class=\"link_text\" href=\"https:\/\/trueperformance.es\/en\/contact\/\"><span class=\"text\">Marca una reuni\u00f3n con nosotros \u2b08<\/span><\/a><\/span><\/h4><\/div>\n\t\t\t<\/div> \n\t\t<\/div>\n\t<\/div> \n\n\t<div  class=\"vc_col-sm-4 wpb_column column_container vc_column_container col no-extra-padding el_spacing_0px inherit_tablet inherit_phone\"  data-padding-pos=\"all\" data-has-bg-color=\"false\" data-bg-color=\"\" data-bg-opacity=\"1\" data-animation=\"\" data-delay=\"0\" >\n\t\t<div class=\"vc_column-inner\" >\n\t\t\t<div class=\"wpb_wrapper\">\n\t\t\t\t<div class=\"img-with-aniamtion-wrap\" data-max-width=\"100%\" data-max-width-mobile=\"default\" data-shadow=\"none\" data-animation=\"none\" >\n      <div class=\"inner\">\n        <div class=\"hover-wrap\"> \n          <div class=\"hover-wrap-inner\">\n            <img loading=\"lazy\" decoding=\"async\" class=\"img-with-animation skip-lazy\" data-delay=\"0\" height=\"564\" width=\"571\" data-animation=\"none\" src=\"https:\/\/trueperformance.es\/wp-content\/uploads\/2023\/05\/mapa2.png\" alt=\"\" srcset=\"https:\/\/trueperformance.es\/wp-content\/uploads\/2023\/05\/mapa2.png 571w, https:\/\/trueperformance.es\/wp-content\/uploads\/2023\/05\/mapa2-300x296.png 300w, https:\/\/trueperformance.es\/wp-content\/uploads\/2023\/05\/mapa2-100x100.png 100w\" sizes=\"auto, (max-width: 571px) 100vw, 571px\" \/>\n          <\/div>\n        <\/div>\n      <\/div>\n    <\/div>\n\t\t\t<\/div> \n\t\t<\/div>\n\t<\/div> \n<\/div><\/div>\n\t\t<div id=\"fws_69d787b7d936b\"  data-column-margin=\"default\" data-midnight=\"dark\" data-top-percent=\"4%\" data-bottom-percent=\"2%\"  class=\"wpb_row vc_row-fluid vc_row full-width-content vc_row-o-equal-height vc_row-flex vc_row-o-content-middle  zindex-set right_padding_6pct left_padding_6pct top_padding_tablet_20pct top_padding_phone_25pct\"  style=\"padding-top: calc(100vw * 0.04); padding-bottom: calc(100vw * 0.02);  z-index: 100;\"><div class=\"row-bg-wrap\" data-bg-animation=\"fade-in\" data-bg-animation-delay=\"\" data-bg-overlay=\"false\"><div class=\"inner-wrap row-bg-layer\" ><div class=\"row-bg viewport-desktop\"  style=\"\"><\/div><\/div><\/div><div class=\"row_col_wrap_12 col span_12 dark left\">\n\t<div  class=\"vc_col-sm-12 wpb_column column_container vc_column_container col no-extra-padding inherit_tablet inherit_phone\"  data-padding-pos=\"all\" data-has-bg-color=\"false\" data-bg-color=\"\" data-bg-opacity=\"1\" data-animation=\"\" data-delay=\"0\" >\n\t\t<div class=\"vc_column-inner\" >\n\t\t\t<div class=\"wpb_wrapper\">\n\t\t\t\t<div class=\"nectar-scrolling-text font_size_3vh\" data-style=\"text_outline\" data-s-dir=\"ltr\" data-spacing=\"false\" data-outline-thickness=\"thin\" data-s-speed=\"medium\" data-overflow=\"hidden\" ><div class=\"nectar-scrolling-text-inner\" style=\"color: #000000;\"><div class=\"nectar-scrolling-text-inner__text-chunk\">\n<h4>Elige de qu\u00e9 quieres hablar con nosotros haciendo click\u00a0 \u00a0 ^<span>&nbsp;<\/span><\/h4>\n<\/div><div class=\"nectar-scrolling-text-inner__text-chunk\">\n<h4>Elige de qu\u00e9 quieres hablar con nosotros haciendo click\u00a0 \u00a0 ^<span>&nbsp;<\/span><\/h4>\n<\/div><div class=\"nectar-scrolling-text-inner__text-chunk\">\n<h4>Elige de qu\u00e9 quieres hablar con nosotros haciendo click\u00a0 \u00a0 ^<span>&nbsp;<\/span><\/h4>\n<\/div><div class=\"nectar-scrolling-text-inner__text-chunk\">\n<h4>Elige de qu\u00e9 quieres hablar con nosotros haciendo click\u00a0 \u00a0 ^<span>&nbsp;<\/span><\/h4>\n<\/div><div class=\"nectar-scrolling-text-inner__text-chunk\">\n<h4>Elige de qu\u00e9 quieres hablar con nosotros haciendo click\u00a0 \u00a0 ^<span>&nbsp;<\/span><\/h4>\n<\/div><\/div><\/div>\n\t\t\t<\/div> \n\t\t<\/div>\n\t<\/div> \n<\/div><\/div>","protected":false},"excerpt":{"rendered":"AN\u00c1LISIS Y ESTUDIO DE DATOS PARA UN PERFORMANCE REAL Y EFECTIVO Experiencia\u00a0 \u00a0 \u00a0^\u00a0 \u00a0 Investigaci\u00f3n\u00a0 \u00a0 \u00a0^\u00a0 \u00a0Insights\u00a0 \u00a0 \u00a0^\u00a0 \u00a0 \u00a0Resultados\u00a0 \u00a0 ^&nbsp; Experiencia\u00a0 \u00a0 \u00a0^\u00a0 \u00a0 Investigaci\u00f3n\u00a0...","protected":false},"author":1,"featured_media":0,"parent":0,"menu_order":0,"comment_status":"closed","ping_status":"closed","template":"","meta":{"footnotes":""},"class_list":["post-428","page","type-page","status-publish"],"_links":{"self":[{"href":"https:\/\/trueperformance.es\/en\/wp-json\/wp\/v2\/pages\/428","targetHints":{"allow":["GET"]}}],"collection":[{"href":"https:\/\/trueperformance.es\/en\/wp-json\/wp\/v2\/pages"}],"about":[{"href":"https:\/\/trueperformance.es\/en\/wp-json\/wp\/v2\/types\/page"}],"author":[{"embeddable":true,"href":"https:\/\/trueperformance.es\/en\/wp-json\/wp\/v2\/users\/1"}],"replies":[{"embeddable":true,"href":"https:\/\/trueperformance.es\/en\/wp-json\/wp\/v2\/comments?post=428"}],"version-history":[{"count":5,"href":"https:\/\/trueperformance.es\/en\/wp-json\/wp\/v2\/pages\/428\/revisions"}],"predecessor-version":[{"id":470,"href":"https:\/\/trueperformance.es\/en\/wp-json\/wp\/v2\/pages\/428\/revisions\/470"}],"wp:attachment":[{"href":"https:\/\/trueperformance.es\/en\/wp-json\/wp\/v2\/media?parent=428"}],"curies":[{"name":"wp","href":"https:\/\/api.w.org\/{rel}","templated":true}]}}