{"id":3,"date":"2023-04-11T11:10:59","date_gmt":"2023-04-11T11:10:59","guid":{"rendered":"https:\/\/trueperformance.es\/?page_id=3"},"modified":"2023-06-14T11:26:04","modified_gmt":"2023-06-14T11:26:04","slug":"politica-de-privacidad","status":"publish","type":"page","link":"https:\/\/trueperformance.es\/en\/politica-de-privacidad\/","title":{"rendered":"Pol\u00edtica de privacidad"},"content":{"rendered":"<div id=\"fws_69d7872a03fef\"  data-column-margin=\"default\" data-midnight=\"dark\"  class=\"wpb_row vc_row-fluid vc_row\"  style=\"padding-top: 0px; padding-bottom: 0px; \"><div class=\"row-bg-wrap\" data-bg-animation=\"none\" data-bg-animation-delay=\"\" data-bg-overlay=\"false\"><div class=\"inner-wrap row-bg-layer\" ><div class=\"row-bg viewport-desktop\"  style=\"\"><\/div><\/div><\/div><div class=\"row_col_wrap_12 col span_12 dark left\">\n\t<div  class=\"vc_col-sm-12 wpb_column column_container vc_column_container col no-extra-padding inherit_tablet inherit_phone\"  data-padding-pos=\"all\" data-has-bg-color=\"false\" data-bg-color=\"\" data-bg-opacity=\"1\" data-animation=\"\" data-delay=\"0\" >\n\t\t<div class=\"vc_column-inner\" >\n\t\t\t<div class=\"wpb_wrapper\">\n\t\t\t\t\n<div class=\"wpb_text_column wpb_content_element\" >\n\t<div class=\"wpb_wrapper\">\n\t\t<div class=\"container main-content\" role=\"main\">\n<div class=\"row\">\n<div id=\"fws_6489a1e98d9f4\" class=\"wpb_row vc_row-fluid vc_row top-level\" data-column-margin=\"default\" data-midnight=\"dark\">\n<div class=\"row_col_wrap_12 col span_12 dark left\">\n<div class=\"vc_col-sm-12 wpb_column column_container vc_column_container col no-extra-padding inherit_tablet inherit_phone\" data-padding-pos=\"all\" data-has-bg-color=\"false\" data-bg-color=\"\" data-bg-opacity=\"1\" data-animation=\"\" data-delay=\"0\">\n<div class=\"vc_column-inner\">\n<div class=\"wpb_wrapper\">\n<div class=\"wpb_text_column wpb_content_element\">\n<div class=\"wpb_wrapper\">\n<h2>Pol\u00edtica de privacidad<\/h2>\n<p>En los siguientes apartados podr\u00e1 encontrar informaci\u00f3n para conocer c\u00f3mo ser\u00e1n tratados sus datos personales. TRUE PERFORMANCE garantiza sus derechos aplicando la normativa europea e interna de protecci\u00f3n de datos. Si el usuario facilita sus datos personales identificativos con el fin de formular una consulta o sugerencia a trav\u00e9s del formulario de contacto o enviar comunicaciones electr\u00f3nicas, acepta las pol\u00edticas y condiciones legales existentes. \u00a0El tratamiento de los datos personales se llevar\u00e1 a cabo de modo leal y leg\u00edtimo, con respeto a sus derechos y desde el compromiso \u00a0con la privacidad del usuario y la seguridad de la informaci\u00f3n conforme a los est\u00e1ndares regulados por ley.<\/p>\n<h3><strong>Responsable del tratamiento de datos personales.<\/strong><\/h3>\n<p>Se le informa que el Responsable del tratamiento es JENNY MARIANA ORTIZ RONCALLO, con NIF X1632226P y con correo electr\u00f3nico <a href=\"mailto:contact@trueperformance.es\">contact@trueperformance.es<\/a><\/p>\n<h3><strong>Finalidad del tratamiento.<\/strong><\/h3>\n<p>Los datos personales aportados ser\u00e1n tratados \u00fanicamente para llevar a cabo la atenci\u00f3n de las solicitudes de informaci\u00f3n o sugerencias realizadas mediante el formulario de contacto habilitado en la web o la atenci\u00f3n de las comunicaciones electr\u00f3nicas. En tal sentido, y para la correcta consecuci\u00f3n de las finalidades descritas, se solicita la aportaci\u00f3n los datos identificativos a efectos de contacto. La informaci\u00f3n aportada por el usuario deber\u00e1 ser cierta, exacta suficiente y proporcionada a su finalidad.\u00a0<strong>Base legal del tratamiento.<\/strong><\/p>\n<p>La base legal para el tratamiento de datos personales es el consentimiento del usuario interesado mediante la aceptaci\u00f3n de la presente pol\u00edtica de privacidad.<\/p>\n<h3><strong>Conservaci\u00f3n de los datos personales.<\/strong><\/h3>\n<p>Los datos personales del usuario se conservar\u00e1n durante el tiempo estrictamente necesario para cumplir con la finalidad expuesta anteriormente. TRUE PERFORMANCE se limitar\u00e1 exclusivamente a atender la solicitud eliminando el mensaje tras un plazo prudencial. \u00danicamente se guardar\u00e1 registro en los t\u00e9rminos exigidos por la Ley para determinar las posibles responsabilidades derivadas de la prestaci\u00f3n del servicio, en coherencia con lo dispuesto en la presente pol\u00edtica de privacidad y la legislaci\u00f3n aplicable en cada caso.<\/p>\n<p>La informaci\u00f3n proporcionada por clientes de la empresa se conservar\u00e1, en virtud del art\u00edculo 30 de C\u00f3digo de Comercio espa\u00f1ol, por seis a\u00f1os a partir de la finalizaci\u00f3n de la relaci\u00f3n contractual que corresponda, salvo que se indique otra cosa en la ley aplicable en cada caso.<\/p>\n<h3><strong>Destinatarios y transferencia de los datos personales.<\/strong><\/h3>\n<p>Los datos personales del usuario no ser\u00e1n comunicados ni cedidos a ning\u00fan otro tercero, salvo obligaci\u00f3n legal aplicable. De la misma forma, no est\u00e1n previstas transferencias internacionales de datos personales, adopt\u00e1ndose, en caso de que pudieran producirse o concurrir, todas las garant\u00edas dispuestas al efecto por el Reglamento General de Protecci\u00f3n de Datos.<\/p>\n<h3><strong>Derechos personales de los interesados.<\/strong><\/h3>\n<p>El usuario podr\u00e1 ejercitar sus derechos de acceso, rectificaci\u00f3n, supresi\u00f3n, limitaci\u00f3n del tratamiento, portabilidad de datos y oposici\u00f3n, dirigiendo una comunicaci\u00f3n por escrito al correo electr\u00f3nico de TRUE PERFORMANCE, adjuntando copia de su DNI o documento equivalente.<\/p>\n<h3><strong>Autoridad de protecci\u00f3n de datos competente.<\/strong><\/h3>\n<p>La garant\u00eda de los derechos de los usuarios compete a la siguiente autoridad de control: Agencia Espa\u00f1ola de Protecci\u00f3n de Datos (C\/ Jorge Juan 6, 28001 Madrid). En caso de no satisfacer el ejercicio de sus derechos, podr\u00e1 presentar una reclamaci\u00f3n ante dicha autoridad.<\/p>\n<h3><strong>Actualizaci\u00f3n de la Pol\u00edtica de privacidad.<\/strong><\/h3>\n<p>TRUE PERFORMANCE se reserva el derecho de modificar esta pol\u00edtica, para adaptarla a futuras novedades legislativas que resulten de aplicaci\u00f3n, o por motivos t\u00e9cnicos, operativos, corporativos u otros, informando previa y razonablemente a los usuarios de los cambios que se produzcan cuando ello sea posible.<\/p>\n<p>En todo caso, se recomienda que lea con detalle eventuales avisos sobre cambios en esta Pol\u00edtica. Asimismo, si tiene cualquier duda puede ponerse en contacto con nosotros a trav\u00e9s de nuestra direcci\u00f3n de correo electr\u00f3nico.<\/p>\n<\/div>\n<\/div>\n<\/div>\n<\/div>\n<\/div>\n<\/div>\n<\/div>\n<\/div>\n<\/div>\n\t<\/div>\n<\/div>\n\n\n\n\n\t\t\t<\/div> \n\t\t<\/div>\n\t<\/div> \n<\/div><\/div>","protected":false},"excerpt":{"rendered":"Pol\u00edtica de privacidad En los siguientes apartados podr\u00e1 encontrar informaci\u00f3n para conocer c\u00f3mo ser\u00e1n tratados sus datos personales. TRUE PERFORMANCE garantiza sus derechos aplicando la normativa europea e interna de...","protected":false},"author":1,"featured_media":0,"parent":0,"menu_order":0,"comment_status":"closed","ping_status":"open","template":"","meta":{"footnotes":""},"class_list":["post-3","page","type-page","status-publish"],"_links":{"self":[{"href":"https:\/\/trueperformance.es\/en\/wp-json\/wp\/v2\/pages\/3","targetHints":{"allow":["GET"]}}],"collection":[{"href":"https:\/\/trueperformance.es\/en\/wp-json\/wp\/v2\/pages"}],"about":[{"href":"https:\/\/trueperformance.es\/en\/wp-json\/wp\/v2\/types\/page"}],"author":[{"embeddable":true,"href":"https:\/\/trueperformance.es\/en\/wp-json\/wp\/v2\/users\/1"}],"replies":[{"embeddable":true,"href":"https:\/\/trueperformance.es\/en\/wp-json\/wp\/v2\/comments?post=3"}],"version-history":[{"count":3,"href":"https:\/\/trueperformance.es\/en\/wp-json\/wp\/v2\/pages\/3\/revisions"}],"predecessor-version":[{"id":493,"href":"https:\/\/trueperformance.es\/en\/wp-json\/wp\/v2\/pages\/3\/revisions\/493"}],"wp:attachment":[{"href":"https:\/\/trueperformance.es\/en\/wp-json\/wp\/v2\/media?parent=3"}],"curies":[{"name":"wp","href":"https:\/\/api.w.org\/{rel}","templated":true}]}}